{"id":1454,"date":"2024-05-31T11:26:59","date_gmt":"2024-05-31T10:26:59","guid":{"rendered":"https:\/\/www.arezzoportugal.com\/?post_type=product&#038;p=1454"},"modified":"2024-12-27T22:02:09","modified_gmt":"2024-12-27T21:02:09","slug":"scarpin-em-pele-castanha-e-salto-medio-em-bloco","status":"publish","type":"product","link":"https:\/\/www.arezzoportugal.com\/en\/produto\/scarpin-em-pele-castanha-e-salto-medio-em-bloco\/","title":{"rendered":"Scarpin em Pele Castanha e Salto M\u00e9dio em Bloco"},"content":{"rendered":"<p>Scarpin em pele castanha e salto m\u00e9dio em bloco. Este scarpin da Arezzo traz consigo a mistura da eleg\u00e2ncia com as linhas cl\u00e1ssicas que enaltecem este modelo.<\/p>\n<p><strong>Caracter\u00edsticas<\/strong><br \/>\nMateriais: Pele<br \/>\nRefer\u00eancia: A1196700090018<\/p>\n","protected":false},"excerpt":{"rendered":"<p>Scarpin em pele castanha e salto m\u00e9dio em bloco. Este scarpin da Arezzo traz consigo a mistura da eleg\u00e2ncia com as linhas cl\u00e1ssicas que enaltecem este modelo.<\/p>\n<p><strong>Caracter\u00edsticas<\/strong><br \/>\nMateriais: Pele<br \/>\nRefer\u00eancia: A1196700090018<\/p>\n","protected":false},"featured_media":1469,"comment_status":"open","ping_status":"closed","template":"","meta":[],"pwb-brand":[52],"product_brand":[],"product_cat":[38],"product_tag":[],"class_list":{"0":"post-1454","1":"product","2":"type-product","3":"status-publish","4":"has-post-thumbnail","6":"pwb-brand-arezzo","7":"product_cat-sapatos-arezzo","8":"pa_cor-castanho","9":"pa_tamanho-43","10":"pa_tamanho-44","11":"pa_tamanho-45","12":"pa_tamanho-46","13":"pa_tamanho-47","14":"pa_tamanho-48","15":"pa_tamanho-49","17":"first","18":"instock","19":"taxable","20":"shipping-taxable","21":"purchasable","22":"product-type-variable"},"brands":[{"id":52,"name":"Arezzo","slug":"arezzo"}],"_links":{"self":[{"href":"https:\/\/www.arezzoportugal.com\/en\/wp-json\/wp\/v2\/product\/1454","targetHints":{"allow":["GET"]}}],"collection":[{"href":"https:\/\/www.arezzoportugal.com\/en\/wp-json\/wp\/v2\/product"}],"about":[{"href":"https:\/\/www.arezzoportugal.com\/en\/wp-json\/wp\/v2\/types\/product"}],"replies":[{"embeddable":true,"href":"https:\/\/www.arezzoportugal.com\/en\/wp-json\/wp\/v2\/comments?post=1454"}],"wp:featuredmedia":[{"embeddable":true,"href":"https:\/\/www.arezzoportugal.com\/en\/wp-json\/wp\/v2\/media\/1469"}],"wp:attachment":[{"href":"https:\/\/www.arezzoportugal.com\/en\/wp-json\/wp\/v2\/media?parent=1454"}],"wp:term":[{"taxonomy":"pwb-brand","embeddable":true,"href":"https:\/\/www.arezzoportugal.com\/en\/wp-json\/wp\/v2\/pwb-brand?post=1454"},{"taxonomy":"product_brand","embeddable":true,"href":"https:\/\/www.arezzoportugal.com\/en\/wp-json\/wp\/v2\/product_brand?post=1454"},{"taxonomy":"product_cat","embeddable":true,"href":"https:\/\/www.arezzoportugal.com\/en\/wp-json\/wp\/v2\/product_cat?post=1454"},{"taxonomy":"product_tag","embeddable":true,"href":"https:\/\/www.arezzoportugal.com\/en\/wp-json\/wp\/v2\/product_tag?post=1454"}],"curies":[{"name":"wp","href":"https:\/\/api.w.org\/{rel}","templated":true}]}}