{"id":1459,"date":"2024-05-31T11:18:59","date_gmt":"2024-05-31T10:18:59","guid":{"rendered":"https:\/\/www.arezzoportugal.com\/?post_type=product&#038;p=1459"},"modified":"2026-01-29T21:34:47","modified_gmt":"2026-01-29T20:34:47","slug":"tenis-em-tecido-preto-e-sola-flat","status":"publish","type":"product","link":"https:\/\/www.arezzoportugal.com\/en\/produto\/tenis-em-tecido-preto-e-sola-flat\/","title":{"rendered":"T\u00e9nis em Tecido Preto e Sola Flat"},"content":{"rendered":"<p>Sneakers em tecido preto e sola flat. Este modelo da Arezzo \u00e9 a escolha perfeita para quem deseja aliar o conforto ao estilo descontra\u00eddo.<\/p>\n<p><strong>Caracter\u00edsticas<\/strong><br \/>\nMateriais: Tecido<br \/>\nRefer\u00eancia: A1205000160001<\/p>\n","protected":false},"excerpt":{"rendered":"<p>Sneakers em tecido preto e sola flat. Este modelo da Arezzo \u00e9 a escolha perfeita para quem deseja aliar o conforto ao estilo descontra\u00eddo.<\/p>\n<p><strong>Caracter\u00edsticas<\/strong><br \/>\nMateriais: Tecido<br \/>\nRefer\u00eancia: A1205000160001<\/p>\n","protected":false},"featured_media":1489,"comment_status":"open","ping_status":"closed","template":"","meta":[],"pwb-brand":[52],"product_brand":[],"product_cat":[40],"product_tag":[],"class_list":{"0":"post-1459","1":"product","2":"type-product","3":"status-publish","4":"has-post-thumbnail","6":"pwb-brand-arezzo","7":"product_cat-sneakers","8":"pa_cor-preto","9":"pa_tamanho-43","10":"pa_tamanho-44","11":"pa_tamanho-45","12":"pa_tamanho-46","13":"pa_tamanho-47","14":"pa_tamanho-48","15":"pa_tamanho-49","17":"first","18":"instock","19":"sale","20":"taxable","21":"shipping-taxable","22":"purchasable","23":"product-type-variable"},"brands":[{"id":52,"name":"Arezzo","slug":"arezzo"}],"_links":{"self":[{"href":"https:\/\/www.arezzoportugal.com\/en\/wp-json\/wp\/v2\/product\/1459","targetHints":{"allow":["GET"]}}],"collection":[{"href":"https:\/\/www.arezzoportugal.com\/en\/wp-json\/wp\/v2\/product"}],"about":[{"href":"https:\/\/www.arezzoportugal.com\/en\/wp-json\/wp\/v2\/types\/product"}],"replies":[{"embeddable":true,"href":"https:\/\/www.arezzoportugal.com\/en\/wp-json\/wp\/v2\/comments?post=1459"}],"wp:featuredmedia":[{"embeddable":true,"href":"https:\/\/www.arezzoportugal.com\/en\/wp-json\/wp\/v2\/media\/1489"}],"wp:attachment":[{"href":"https:\/\/www.arezzoportugal.com\/en\/wp-json\/wp\/v2\/media?parent=1459"}],"wp:term":[{"taxonomy":"pwb-brand","embeddable":true,"href":"https:\/\/www.arezzoportugal.com\/en\/wp-json\/wp\/v2\/pwb-brand?post=1459"},{"taxonomy":"product_brand","embeddable":true,"href":"https:\/\/www.arezzoportugal.com\/en\/wp-json\/wp\/v2\/product_brand?post=1459"},{"taxonomy":"product_cat","embeddable":true,"href":"https:\/\/www.arezzoportugal.com\/en\/wp-json\/wp\/v2\/product_cat?post=1459"},{"taxonomy":"product_tag","embeddable":true,"href":"https:\/\/www.arezzoportugal.com\/en\/wp-json\/wp\/v2\/product_tag?post=1459"}],"curies":[{"name":"wp","href":"https:\/\/api.w.org\/{rel}","templated":true}]}}