{"id":1499,"date":"2024-05-31T11:27:23","date_gmt":"2024-05-31T10:27:23","guid":{"rendered":"https:\/\/www.arezzoportugal.com\/?post_type=product&#038;p=1499"},"modified":"2024-10-25T15:57:33","modified_gmt":"2024-10-25T14:57:33","slug":"mala-mini-em-pele-cinza-com-alca-tiracolo","status":"publish","type":"product","link":"https:\/\/www.arezzoportugal.com\/en\/produto\/mala-mini-em-pele-cinza-com-alca-tiracolo\/","title":{"rendered":"Mala Mini em Pele Cinza com Al\u00e7a Tiracolo"},"content":{"rendered":"<div>Mala mini em pele cinza com al\u00e7a tiracolo e pormenor de corrente. Re\u00fane a sofistica\u00e7\u00e3o e irrever\u00eancia num estilo s\u00f3.<\/div>\n<div><\/div>\n<div><strong>Caracter\u00edsticas<\/strong><\/div>\n<div>Materiais: Pele<\/div>\n<div>Refer\u00eancia: A5002305180049<\/div>\n","protected":false},"excerpt":{"rendered":"<div>Mala mini em pele cinza com al\u00e7a tiracolo e pormenor de corrente. Re\u00fane a sofistica\u00e7\u00e3o e irrever\u00eancia num estilo s\u00f3.<\/div>\n<div><\/div>\n<div><strong>Caracter\u00edsticas<\/strong><\/div>\n<div>Materiais: Pele<\/div>\n<div>Refer\u00eancia: A5002305180049<\/div>\n","protected":false},"featured_media":1568,"comment_status":"open","ping_status":"closed","template":"","meta":[],"pwb-brand":[52],"product_brand":[],"product_cat":[67],"product_tag":[],"class_list":{"0":"post-1499","1":"product","2":"type-product","3":"status-publish","4":"has-post-thumbnail","6":"pwb-brand-arezzo","7":"product_cat-malas-arezzo","8":"pa_cor-cinza","10":"first","11":"instock","12":"taxable","13":"shipping-taxable","14":"purchasable","15":"product-type-simple"},"brands":[{"id":52,"name":"Arezzo","slug":"arezzo"}],"_links":{"self":[{"href":"https:\/\/www.arezzoportugal.com\/en\/wp-json\/wp\/v2\/product\/1499","targetHints":{"allow":["GET"]}}],"collection":[{"href":"https:\/\/www.arezzoportugal.com\/en\/wp-json\/wp\/v2\/product"}],"about":[{"href":"https:\/\/www.arezzoportugal.com\/en\/wp-json\/wp\/v2\/types\/product"}],"replies":[{"embeddable":true,"href":"https:\/\/www.arezzoportugal.com\/en\/wp-json\/wp\/v2\/comments?post=1499"}],"wp:featuredmedia":[{"embeddable":true,"href":"https:\/\/www.arezzoportugal.com\/en\/wp-json\/wp\/v2\/media\/1568"}],"wp:attachment":[{"href":"https:\/\/www.arezzoportugal.com\/en\/wp-json\/wp\/v2\/media?parent=1499"}],"wp:term":[{"taxonomy":"pwb-brand","embeddable":true,"href":"https:\/\/www.arezzoportugal.com\/en\/wp-json\/wp\/v2\/pwb-brand?post=1499"},{"taxonomy":"product_brand","embeddable":true,"href":"https:\/\/www.arezzoportugal.com\/en\/wp-json\/wp\/v2\/product_brand?post=1499"},{"taxonomy":"product_cat","embeddable":true,"href":"https:\/\/www.arezzoportugal.com\/en\/wp-json\/wp\/v2\/product_cat?post=1499"},{"taxonomy":"product_tag","embeddable":true,"href":"https:\/\/www.arezzoportugal.com\/en\/wp-json\/wp\/v2\/product_tag?post=1499"}],"curies":[{"name":"wp","href":"https:\/\/api.w.org\/{rel}","templated":true}]}}