{"id":1509,"date":"2024-05-31T11:27:24","date_gmt":"2024-05-31T10:27:24","guid":{"rendered":"https:\/\/www.arezzoportugal.com\/?post_type=product&#038;p=1509"},"modified":"2025-09-04T14:01:24","modified_gmt":"2025-09-04T13:01:24","slug":"sandalia-plataforma-com-tira-em-pele-branca","status":"publish","type":"product","link":"https:\/\/www.arezzoportugal.com\/en\/produto\/sandalia-plataforma-com-tira-em-pele-branca\/","title":{"rendered":"Sand\u00e1lia Plataforma com Tira em Pele Branca"},"content":{"rendered":"<div>Sand\u00e1lia plataforma com tira em pele branca. Esta sand\u00e1lia da Arezzo traz consigo a mistura da eleg\u00e2ncia com as linhas cl\u00e1ssicas que enaltecem este modelo.<\/div>\n<div><\/div>\n<div><strong>Caracter\u00edsticas<\/strong><\/div>\n<div>Materiais: Pele<\/div>\n<div>Refer\u00eancia: A1315600010001<\/div>\n","protected":false},"excerpt":{"rendered":"<div>Sand\u00e1lia plataforma com tira em pele branca. Esta sand\u00e1lia da Arezzo traz consigo a mistura da eleg\u00e2ncia com as linhas cl\u00e1ssicas que enaltecem este modelo.<\/div>\n<div><\/div>\n<div><strong>Caracter\u00edsticas<\/strong><\/div>\n<div>Materiais: Pele<\/div>\n<div>Refer\u00eancia: A1315600010001<\/div>\n","protected":false},"featured_media":1619,"comment_status":"open","ping_status":"closed","template":"","meta":[],"pwb-brand":[52],"product_brand":[],"product_cat":[33],"product_tag":[],"class_list":{"0":"post-1509","1":"product","2":"type-product","3":"status-publish","4":"has-post-thumbnail","6":"pwb-brand-arezzo","7":"product_cat-sandalias-sp","8":"pa_cor-branco","9":"pa_tamanho-43","10":"pa_tamanho-44","11":"pa_tamanho-45","12":"pa_tamanho-46","13":"pa_tamanho-47","14":"pa_tamanho-48","15":"pa_tamanho-49","17":"first","18":"instock","19":"sale","20":"taxable","21":"shipping-taxable","22":"purchasable","23":"product-type-variable"},"brands":[{"id":52,"name":"Arezzo","slug":"arezzo"}],"_links":{"self":[{"href":"https:\/\/www.arezzoportugal.com\/en\/wp-json\/wp\/v2\/product\/1509","targetHints":{"allow":["GET"]}}],"collection":[{"href":"https:\/\/www.arezzoportugal.com\/en\/wp-json\/wp\/v2\/product"}],"about":[{"href":"https:\/\/www.arezzoportugal.com\/en\/wp-json\/wp\/v2\/types\/product"}],"replies":[{"embeddable":true,"href":"https:\/\/www.arezzoportugal.com\/en\/wp-json\/wp\/v2\/comments?post=1509"}],"wp:featuredmedia":[{"embeddable":true,"href":"https:\/\/www.arezzoportugal.com\/en\/wp-json\/wp\/v2\/media\/1619"}],"wp:attachment":[{"href":"https:\/\/www.arezzoportugal.com\/en\/wp-json\/wp\/v2\/media?parent=1509"}],"wp:term":[{"taxonomy":"pwb-brand","embeddable":true,"href":"https:\/\/www.arezzoportugal.com\/en\/wp-json\/wp\/v2\/pwb-brand?post=1509"},{"taxonomy":"product_brand","embeddable":true,"href":"https:\/\/www.arezzoportugal.com\/en\/wp-json\/wp\/v2\/product_brand?post=1509"},{"taxonomy":"product_cat","embeddable":true,"href":"https:\/\/www.arezzoportugal.com\/en\/wp-json\/wp\/v2\/product_cat?post=1509"},{"taxonomy":"product_tag","embeddable":true,"href":"https:\/\/www.arezzoportugal.com\/en\/wp-json\/wp\/v2\/product_tag?post=1509"}],"curies":[{"name":"wp","href":"https:\/\/api.w.org\/{rel}","templated":true}]}}