{"id":1546,"date":"2024-05-31T11:27:47","date_gmt":"2024-05-31T10:27:47","guid":{"rendered":"https:\/\/www.arezzoportugal.com\/?post_type=product&#038;p=1546"},"modified":"2026-03-30T20:01:23","modified_gmt":"2026-03-30T19:01:23","slug":"sabrina-em-pele-cinza-e-pormenor-de-no","status":"publish","type":"product","link":"https:\/\/www.arezzoportugal.com\/en\/produto\/sabrina-em-pele-cinza-e-pormenor-de-no\/","title":{"rendered":"Sabrina em Pele Cinza e Pormenor de N\u00f3"},"content":{"rendered":"<div>Sabrina em pele cinza e pormenor de n\u00f3. Confort\u00e1vel, fresh e fashion para completar o seu outfit em qualquer momento do seu dia. \u00c9 o must-have deste Ver\u00e3o.<\/div>\n<div><\/div>\n<div><strong>Caracter\u00edsticas<\/strong><\/div>\n<div>Materiais: Pele<\/div>\n<div>Refer\u00eancia: A1308400010003<\/div>\n","protected":false},"excerpt":{"rendered":"<div>Sabrina em pele cinza e pormenor de n\u00f3. Confort\u00e1vel, fresh e fashion para completar o seu outfit em qualquer momento do seu dia. \u00c9 o must-have deste Ver\u00e3o.<\/div>\n<div><\/div>\n<div><strong>Caracter\u00edsticas<\/strong><\/div>\n<div>Materiais: Pele<\/div>\n<div>Refer\u00eancia: A1308400010003<\/div>\n","protected":false},"featured_media":1681,"comment_status":"open","ping_status":"closed","template":"","meta":[],"pwb-brand":[52],"product_brand":[],"product_cat":[37],"product_tag":[],"class_list":{"0":"post-1546","1":"product","2":"type-product","3":"status-publish","4":"has-post-thumbnail","6":"pwb-brand-arezzo","7":"product_cat-sapatos","8":"pa_cor-cinza","9":"pa_tamanho-43","10":"pa_tamanho-44","11":"pa_tamanho-45","12":"pa_tamanho-46","13":"pa_tamanho-47","14":"pa_tamanho-48","15":"pa_tamanho-49","17":"first","18":"instock","19":"sale","20":"taxable","21":"shipping-taxable","22":"purchasable","23":"product-type-variable"},"brands":[{"id":52,"name":"Arezzo","slug":"arezzo"}],"_links":{"self":[{"href":"https:\/\/www.arezzoportugal.com\/en\/wp-json\/wp\/v2\/product\/1546","targetHints":{"allow":["GET"]}}],"collection":[{"href":"https:\/\/www.arezzoportugal.com\/en\/wp-json\/wp\/v2\/product"}],"about":[{"href":"https:\/\/www.arezzoportugal.com\/en\/wp-json\/wp\/v2\/types\/product"}],"replies":[{"embeddable":true,"href":"https:\/\/www.arezzoportugal.com\/en\/wp-json\/wp\/v2\/comments?post=1546"}],"wp:featuredmedia":[{"embeddable":true,"href":"https:\/\/www.arezzoportugal.com\/en\/wp-json\/wp\/v2\/media\/1681"}],"wp:attachment":[{"href":"https:\/\/www.arezzoportugal.com\/en\/wp-json\/wp\/v2\/media?parent=1546"}],"wp:term":[{"taxonomy":"pwb-brand","embeddable":true,"href":"https:\/\/www.arezzoportugal.com\/en\/wp-json\/wp\/v2\/pwb-brand?post=1546"},{"taxonomy":"product_brand","embeddable":true,"href":"https:\/\/www.arezzoportugal.com\/en\/wp-json\/wp\/v2\/product_brand?post=1546"},{"taxonomy":"product_cat","embeddable":true,"href":"https:\/\/www.arezzoportugal.com\/en\/wp-json\/wp\/v2\/product_cat?post=1546"},{"taxonomy":"product_tag","embeddable":true,"href":"https:\/\/www.arezzoportugal.com\/en\/wp-json\/wp\/v2\/product_tag?post=1546"}],"curies":[{"name":"wp","href":"https:\/\/api.w.org\/{rel}","templated":true}]}}