{"id":234,"date":"2024-05-31T11:20:11","date_gmt":"2024-05-31T10:20:11","guid":{"rendered":"https:\/\/www.arezzoportugal.com\/?post_type=product&#038;p=234"},"modified":"2026-04-09T08:01:06","modified_gmt":"2026-04-09T07:01:06","slug":"scarpin-preto-em-pele-com-biqueira-fina-e-salto-medio-em-bloco","status":"publish","type":"product","link":"https:\/\/www.arezzoportugal.com\/en\/produto\/scarpin-preto-em-pele-com-biqueira-fina-e-salto-medio-em-bloco\/","title":{"rendered":"Scarpin Preto em Pele com Biqueira Fina e Salto M\u00e9dio em Bloco"},"content":{"rendered":"<div>Scarpin preto em pele com biqueira fina e salto m\u00e9dio em bloco. Confort\u00e1vel, fresh e fashion para completar o seu outfit em qualquer momento do seu dia. \u00c9 o must-have deste Ver\u00e3o.<\/div>\n<div><\/div>\n<div><strong>Caracter\u00edsticas<\/strong><\/div>\n<div>Materiais: Pele<\/div>\n<div>Refer\u00eancia: A1074600010031<\/div>\n","protected":false},"excerpt":{"rendered":"<div>Scarpin preto em pele com biqueira fina e salto m\u00e9dio em bloco. Confort\u00e1vel, fresh e fashion para completar o seu outfit em qualquer momento do seu dia. \u00c9 o must-have deste Ver\u00e3o.<\/div>\n<div><\/div>\n<div><strong>Caracter\u00edsticas<\/strong><\/div>\n<div>Materiais: Pele<\/div>\n<div>Refer\u00eancia: A1074600010031<\/div>\n","protected":false},"featured_media":322,"comment_status":"open","ping_status":"closed","template":"","meta":[],"pwb-brand":[52],"product_brand":[],"product_cat":[38],"product_tag":[],"class_list":{"0":"post-234","1":"product","2":"type-product","3":"status-publish","4":"has-post-thumbnail","6":"pwb-brand-arezzo","7":"product_cat-sapatos-arezzo","8":"pa_cor-preto","9":"pa_tamanho-43","10":"pa_tamanho-44","11":"pa_tamanho-45","12":"pa_tamanho-46","13":"pa_tamanho-47","14":"pa_tamanho-48","15":"pa_tamanho-49","16":"pa_tamanho-50","18":"first","19":"instock","20":"taxable","21":"shipping-taxable","22":"purchasable","23":"product-type-variable"},"brands":[{"id":52,"name":"Arezzo","slug":"arezzo"}],"_links":{"self":[{"href":"https:\/\/www.arezzoportugal.com\/en\/wp-json\/wp\/v2\/product\/234","targetHints":{"allow":["GET"]}}],"collection":[{"href":"https:\/\/www.arezzoportugal.com\/en\/wp-json\/wp\/v2\/product"}],"about":[{"href":"https:\/\/www.arezzoportugal.com\/en\/wp-json\/wp\/v2\/types\/product"}],"replies":[{"embeddable":true,"href":"https:\/\/www.arezzoportugal.com\/en\/wp-json\/wp\/v2\/comments?post=234"}],"wp:featuredmedia":[{"embeddable":true,"href":"https:\/\/www.arezzoportugal.com\/en\/wp-json\/wp\/v2\/media\/322"}],"wp:attachment":[{"href":"https:\/\/www.arezzoportugal.com\/en\/wp-json\/wp\/v2\/media?parent=234"}],"wp:term":[{"taxonomy":"pwb-brand","embeddable":true,"href":"https:\/\/www.arezzoportugal.com\/en\/wp-json\/wp\/v2\/pwb-brand?post=234"},{"taxonomy":"product_brand","embeddable":true,"href":"https:\/\/www.arezzoportugal.com\/en\/wp-json\/wp\/v2\/product_brand?post=234"},{"taxonomy":"product_cat","embeddable":true,"href":"https:\/\/www.arezzoportugal.com\/en\/wp-json\/wp\/v2\/product_cat?post=234"},{"taxonomy":"product_tag","embeddable":true,"href":"https:\/\/www.arezzoportugal.com\/en\/wp-json\/wp\/v2\/product_tag?post=234"}],"curies":[{"name":"wp","href":"https:\/\/api.w.org\/{rel}","templated":true}]}}