{"id":2494,"date":"2024-05-31T11:33:37","date_gmt":"2024-05-31T10:33:37","guid":{"rendered":"https:\/\/www.arezzoportugal.com\/?post_type=product&#038;p=2494"},"modified":"2024-10-25T15:52:36","modified_gmt":"2024-10-25T14:52:36","slug":"mala-tote-em-pele-branca-e-alca-tiracolo","status":"publish","type":"product","link":"https:\/\/www.arezzoportugal.com\/en\/produto\/mala-tote-em-pele-branca-e-alca-tiracolo\/","title":{"rendered":"Mala Tote em Pele Branca e Al\u00e7a Tiracolo"},"content":{"rendered":"<p>Mala tote em pele branca e al\u00e7a tiracolo. Este modelo cl\u00e1ssico e vers\u00e1til da Arezzo \u00e9 ideal para o dia a dia de quem pretende aliar o pr\u00e1tico ao elegante.<\/p>\n<p><strong>Caracter\u00edsticas<\/strong><br \/>\nMaterial: Pele<br \/>\nRefer\u00eancia: A5002107230002<\/p>\n","protected":false},"excerpt":{"rendered":"<p>Mala tote em pele branca e al\u00e7a tiracolo. Este modelo cl\u00e1ssico e vers\u00e1til da Arezzo \u00e9 ideal para o dia a dia de quem pretende aliar o pr\u00e1tico ao elegante.<\/p>\n<p><strong>Caracter\u00edsticas<\/strong><br \/>\nMaterial: Pele<br \/>\nRefer\u00eancia: A5002107230002<\/p>\n","protected":false},"featured_media":2513,"comment_status":"open","ping_status":"closed","template":"","meta":[],"pwb-brand":[52],"product_brand":[],"product_cat":[67],"product_tag":[],"class_list":{"0":"post-2494","1":"product","2":"type-product","3":"status-publish","4":"has-post-thumbnail","6":"pwb-brand-arezzo","7":"product_cat-malas-arezzo","8":"pa_cor-branco","10":"first","11":"instock","12":"taxable","13":"shipping-taxable","14":"purchasable","15":"product-type-simple"},"brands":[{"id":52,"name":"Arezzo","slug":"arezzo"}],"_links":{"self":[{"href":"https:\/\/www.arezzoportugal.com\/en\/wp-json\/wp\/v2\/product\/2494","targetHints":{"allow":["GET"]}}],"collection":[{"href":"https:\/\/www.arezzoportugal.com\/en\/wp-json\/wp\/v2\/product"}],"about":[{"href":"https:\/\/www.arezzoportugal.com\/en\/wp-json\/wp\/v2\/types\/product"}],"replies":[{"embeddable":true,"href":"https:\/\/www.arezzoportugal.com\/en\/wp-json\/wp\/v2\/comments?post=2494"}],"wp:featuredmedia":[{"embeddable":true,"href":"https:\/\/www.arezzoportugal.com\/en\/wp-json\/wp\/v2\/media\/2513"}],"wp:attachment":[{"href":"https:\/\/www.arezzoportugal.com\/en\/wp-json\/wp\/v2\/media?parent=2494"}],"wp:term":[{"taxonomy":"pwb-brand","embeddable":true,"href":"https:\/\/www.arezzoportugal.com\/en\/wp-json\/wp\/v2\/pwb-brand?post=2494"},{"taxonomy":"product_brand","embeddable":true,"href":"https:\/\/www.arezzoportugal.com\/en\/wp-json\/wp\/v2\/product_brand?post=2494"},{"taxonomy":"product_cat","embeddable":true,"href":"https:\/\/www.arezzoportugal.com\/en\/wp-json\/wp\/v2\/product_cat?post=2494"},{"taxonomy":"product_tag","embeddable":true,"href":"https:\/\/www.arezzoportugal.com\/en\/wp-json\/wp\/v2\/product_tag?post=2494"}],"curies":[{"name":"wp","href":"https:\/\/api.w.org\/{rel}","templated":true}]}}