{"id":549464,"date":"2026-04-17T09:00:28","date_gmt":"2026-04-17T08:00:28","guid":{"rendered":"https:\/\/www.arezzoportugal.com\/?post_type=product&#038;p=549464"},"modified":"2026-04-17T09:22:53","modified_gmt":"2026-04-17T08:22:53","slug":"sandalia-em-pele-prata-e-tiras-finas-3","status":"publish","type":"product","link":"https:\/\/www.arezzoportugal.com\/en\/produto\/sandalia-em-pele-prata-e-tiras-finas-3\/","title":{"rendered":"Sand\u00e1lia em Pele Prata e Tiras Finas"},"content":{"rendered":"<div>Este artigo da Arezzo traz consigo a mistura da eleg\u00e2ncia com as linhas cl\u00e1ssicas que enaltecem este modelo.<\/div>\n<div><\/div>\n<div><strong>Caracter\u00edsticas<\/strong><\/div>\n<div>Materiais: Pele<\/div>\n<div>Refer\u00eancia: A1190101610002<\/div>\n","protected":false},"excerpt":{"rendered":"<div>Este artigo da Arezzo traz consigo a mistura da eleg\u00e2ncia com as linhas cl\u00e1ssicas que enaltecem este modelo.<\/div>\n<div><\/div>\n<div><strong>Caracter\u00edsticas<\/strong><\/div>\n<div>Materiais: Pele<\/div>\n<div>Refer\u00eancia: A1190101610002<\/div>\n","protected":false},"featured_media":549579,"comment_status":"open","ping_status":"closed","template":"","meta":[],"pwb-brand":[52],"product_brand":[],"product_cat":[308,231],"product_tag":[],"class_list":{"0":"post-549464","1":"product","2":"type-product","3":"status-publish","4":"has-post-thumbnail","6":"pwb-brand-arezzo","7":"product_cat-preview-ss26","8":"product_cat-sandalias-2","9":"pa_cor-prateado","10":"pa_tamanho-43","11":"pa_tamanho-44","12":"pa_tamanho-45","13":"pa_tamanho-46","14":"pa_tamanho-47","15":"pa_tamanho-48","16":"pa_tamanho-49","18":"first","19":"instock","20":"taxable","21":"shipping-taxable","22":"purchasable","23":"product-type-variable"},"brands":[{"id":52,"name":"Arezzo","slug":"arezzo"}],"_links":{"self":[{"href":"https:\/\/www.arezzoportugal.com\/en\/wp-json\/wp\/v2\/product\/549464","targetHints":{"allow":["GET"]}}],"collection":[{"href":"https:\/\/www.arezzoportugal.com\/en\/wp-json\/wp\/v2\/product"}],"about":[{"href":"https:\/\/www.arezzoportugal.com\/en\/wp-json\/wp\/v2\/types\/product"}],"replies":[{"embeddable":true,"href":"https:\/\/www.arezzoportugal.com\/en\/wp-json\/wp\/v2\/comments?post=549464"}],"wp:featuredmedia":[{"embeddable":true,"href":"https:\/\/www.arezzoportugal.com\/en\/wp-json\/wp\/v2\/media\/549579"}],"wp:attachment":[{"href":"https:\/\/www.arezzoportugal.com\/en\/wp-json\/wp\/v2\/media?parent=549464"}],"wp:term":[{"taxonomy":"pwb-brand","embeddable":true,"href":"https:\/\/www.arezzoportugal.com\/en\/wp-json\/wp\/v2\/pwb-brand?post=549464"},{"taxonomy":"product_brand","embeddable":true,"href":"https:\/\/www.arezzoportugal.com\/en\/wp-json\/wp\/v2\/product_brand?post=549464"},{"taxonomy":"product_cat","embeddable":true,"href":"https:\/\/www.arezzoportugal.com\/en\/wp-json\/wp\/v2\/product_cat?post=549464"},{"taxonomy":"product_tag","embeddable":true,"href":"https:\/\/www.arezzoportugal.com\/en\/wp-json\/wp\/v2\/product_tag?post=549464"}],"curies":[{"name":"wp","href":"https:\/\/api.w.org\/{rel}","templated":true}]}}