{"id":878,"date":"2024-05-31T11:23:34","date_gmt":"2024-05-31T10:23:34","guid":{"rendered":"https:\/\/www.arezzoportugal.com\/?post_type=product&#038;p=878"},"modified":"2024-12-27T22:01:51","modified_gmt":"2024-12-27T21:01:51","slug":"sandalia-em-pele-off-white-e-multiplas-tiras-entrancadas","status":"publish","type":"product","link":"https:\/\/www.arezzoportugal.com\/en\/produto\/sandalia-em-pele-off-white-e-multiplas-tiras-entrancadas\/","title":{"rendered":"Sand\u00e1lia em Pele Off-White e M\u00faltiplas Tiras Entran\u00e7adas"},"content":{"rendered":"<p>Sand\u00e1lia em pele off-white e m\u00faltiplas tiras entran\u00e7adas. Esta sand\u00e1lia da Arezzo traz consigo a mistura da eleg\u00e2ncia com as linhas cl\u00e1ssicas que enaltecem este modelo.<\/p>\n<p><strong>Caracter\u00edsticas<\/strong><br \/>\nMateriais: Pele<br \/>\nRefer\u00eancia: A1005511100001<\/p>\n","protected":false},"excerpt":{"rendered":"<p>Sand\u00e1lia em pele off-white e m\u00faltiplas tiras entran\u00e7adas. Esta sand\u00e1lia da Arezzo traz consigo a mistura da eleg\u00e2ncia com as linhas cl\u00e1ssicas que enaltecem este modelo.<\/p>\n<p><strong>Caracter\u00edsticas<\/strong><br \/>\nMateriais: Pele<br \/>\nRefer\u00eancia: A1005511110001<\/p>\n","protected":false},"featured_media":963,"comment_status":"open","ping_status":"closed","template":"","meta":[],"pwb-brand":[52],"product_brand":[],"product_cat":[33],"product_tag":[],"class_list":{"0":"post-878","1":"product","2":"type-product","3":"status-publish","4":"has-post-thumbnail","6":"pwb-brand-arezzo","7":"product_cat-sandalias-sp","8":"pa_cor-branco","9":"pa_tamanho-43","10":"pa_tamanho-44","11":"pa_tamanho-45","12":"pa_tamanho-46","13":"pa_tamanho-47","14":"pa_tamanho-48","15":"pa_tamanho-49","17":"first","18":"instock","19":"sale","20":"taxable","21":"shipping-taxable","22":"purchasable","23":"product-type-variable"},"brands":[{"id":52,"name":"Arezzo","slug":"arezzo"}],"_links":{"self":[{"href":"https:\/\/www.arezzoportugal.com\/en\/wp-json\/wp\/v2\/product\/878","targetHints":{"allow":["GET"]}}],"collection":[{"href":"https:\/\/www.arezzoportugal.com\/en\/wp-json\/wp\/v2\/product"}],"about":[{"href":"https:\/\/www.arezzoportugal.com\/en\/wp-json\/wp\/v2\/types\/product"}],"replies":[{"embeddable":true,"href":"https:\/\/www.arezzoportugal.com\/en\/wp-json\/wp\/v2\/comments?post=878"}],"wp:featuredmedia":[{"embeddable":true,"href":"https:\/\/www.arezzoportugal.com\/en\/wp-json\/wp\/v2\/media\/963"}],"wp:attachment":[{"href":"https:\/\/www.arezzoportugal.com\/en\/wp-json\/wp\/v2\/media?parent=878"}],"wp:term":[{"taxonomy":"pwb-brand","embeddable":true,"href":"https:\/\/www.arezzoportugal.com\/en\/wp-json\/wp\/v2\/pwb-brand?post=878"},{"taxonomy":"product_brand","embeddable":true,"href":"https:\/\/www.arezzoportugal.com\/en\/wp-json\/wp\/v2\/product_brand?post=878"},{"taxonomy":"product_cat","embeddable":true,"href":"https:\/\/www.arezzoportugal.com\/en\/wp-json\/wp\/v2\/product_cat?post=878"},{"taxonomy":"product_tag","embeddable":true,"href":"https:\/\/www.arezzoportugal.com\/en\/wp-json\/wp\/v2\/product_tag?post=878"}],"curies":[{"name":"wp","href":"https:\/\/api.w.org\/{rel}","templated":true}]}}